{"id":1224,"date":"2019-03-12T09:06:54","date_gmt":"2019-03-12T15:20:40","guid":{"rendered":"https:\/\/www.craftetcompagnie.com\/migrate-to-wplm\/?post_type=product&#038;p=1224"},"modified":"2019-03-18T13:46:00","modified_gmt":"2019-03-18T12:46:00","slug":"hure-freres-2","status":"publish","type":"product","link":"https:\/\/www.craftetcompagnie.com\/en\/produit\/hure-freres-2\/","title":{"rendered":"Hur\u00e9 Fr\u00e8res"},"content":{"rendered":"<p><strong>Fran\u00e7ois and Pierre<\/strong> run this family estate located in the Northern Slopes of the Reims Mountain in <strong>Ludes.<\/strong> The project has been founded by their father and uncles in the 70\u2019s and now the two brothers oversee what has become a major player domaine in only two generations&#8230;<\/p>\n","protected":false},"excerpt":{"rendered":"<p><strong>Fran\u00e7ois and Pierre<\/strong> run this family estate located in the Northern Slopes of the Reims Mountain in <strong>Ludes.<\/strong> The project has been founded by their father and uncles in the 70\u2019s and now the two brothers oversee what has become a major player domaine in only two generations.<\/p>\n<p>This <strong>humble and hardworking<\/strong> duo embodies a new generation of \u201cVignerons\u201d who have been able to study, reinforce their technical and human skills while opening themselves towards other wine regions domestically and abroad. Fran\u00e7ois and Pierre Hur\u00e9 are very conscious about transmission and moral duty (Champenois and Burgundian heritage) but they are also inhabited by present time and the will of writing a new chapter pushing the quality boundaries of Champagne.<\/p>\n<p>Their goal is to make precise champagnes with character representing their terroirs of origin. The respect of Natural Life and balance is a perquisite, determining the notion of TASTE.<br \/>\nHur\u00e9 Champagnes are well balanced, showing intense aromas, combined with rich textures, density, energy, deepness and freshness.<br \/>\nThe end of mouth lingers thanks to a salinity touch calling for food.<br \/>\nTheir ambition is to show that the Champagne region can produce great wines. The Hur\u00e9 family definitely rises to the challenge.<\/p>\n","protected":false},"featured_media":3745,"template":"","meta":{"_acf_changed":false,"inline_featured_image":false},"product_brand":[],"product_cat":[218,224,184],"product_tag":[],"class_list":{"0":"post-1224","1":"product","2":"type-product","3":"status-publish","4":"has-post-thumbnail","6":"product_cat-cases-6-bottles","7":"product_cat-cases-at-300e","8":"product_cat-producer-of-the-month","10":"first","11":"instock","12":"shipping-taxable","13":"purchasable","14":"product-type-simple"},"acf":[],"yoast_head":"<!-- This site is optimized with the Yoast SEO plugin v26.3 - https:\/\/yoast.com\/wordpress\/plugins\/seo\/ -->\n<title>Hur\u00e9 Fr\u00e8res - Craft et Compagnie | Champagne Luxembourg<\/title>\n<meta name=\"robots\" content=\"index, follow, max-snippet:-1, max-image-preview:large, max-video-preview:-1\" \/>\n<link rel=\"canonical\" href=\"https:\/\/www.craftetcompagnie.com\/en\/produit\/hure-freres-2\/\" \/>\n<meta property=\"og:locale\" content=\"en_US\" \/>\n<meta property=\"og:type\" content=\"article\" \/>\n<meta property=\"og:title\" content=\"Hur\u00e9 Fr\u00e8res - Craft et Compagnie | Champagne Luxembourg\" \/>\n<meta property=\"og:description\" content=\"Fran\u00e7ois and Pierre run this family estate located in the Northern Slopes of the Reims Mountain in Ludes. The project has been founded by their father and uncles in the 70\u2019s and now the two brothers oversee what has become a major player domaine in only two generations.  This humble and hardworking duo embodies a new generation of \u201cVignerons\u201d who have been able to study, reinforce their technical and human skills while opening themselves towards other wine regions domestically and abroad. Fran\u00e7ois and Pierre Hur\u00e9 are very conscious about transmission and moral duty (Champenois and Burgundian heritage) but they are also inhabited by present time and the will of writing a new chapter pushing the quality boundaries of Champagne.  Their goal is to make precise champagnes with character representing their terroirs of origin. The respect of Natural Life and balance is a perquisite, determining the notion of TASTE. Hur\u00e9 Champagnes are well balanced, showing intense aromas, combined with rich textures, density, energy, deepness and freshness. The end of mouth lingers thanks to a salinity touch calling for food. Their ambition is to show that the Champagne region can produce great wines. The Hur\u00e9 family definitely rises to the challenge.\" \/>\n<meta property=\"og:url\" content=\"https:\/\/www.craftetcompagnie.com\/en\/produit\/hure-freres-2\/\" \/>\n<meta property=\"og:site_name\" content=\"Craft et Compagnie | Champagne Luxembourg\" \/>\n<meta property=\"article:publisher\" content=\"https:\/\/www.facebook.com\/Craft-et-Compagnie-2086479911563616\/\" \/>\n<meta property=\"article:modified_time\" content=\"2019-03-18T12:46:00+00:00\" \/>\n<meta property=\"og:image\" content=\"https:\/\/www.craftetcompagnie.com\/wp-content\/uploads\/2019\/03\/caisse-producteur-hd-hure-freres.png\" \/>\n\t<meta property=\"og:image:width\" content=\"600\" \/>\n\t<meta property=\"og:image:height\" content=\"602\" \/>\n\t<meta property=\"og:image:type\" content=\"image\/png\" \/>\n<meta name=\"twitter:card\" content=\"summary_large_image\" \/>\n<script type=\"application\/ld+json\" class=\"yoast-schema-graph\">{\"@context\":\"https:\/\/schema.org\",\"@graph\":[{\"@type\":\"WebPage\",\"@id\":\"https:\/\/www.craftetcompagnie.com\/en\/produit\/hure-freres-2\/\",\"url\":\"https:\/\/www.craftetcompagnie.com\/en\/produit\/hure-freres-2\/\",\"name\":\"Hur\u00e9 Fr\u00e8res - Craft et Compagnie | Champagne Luxembourg\",\"isPartOf\":{\"@id\":\"https:\/\/www.craftetcompagnie.com\/en\/#website\"},\"primaryImageOfPage\":{\"@id\":\"https:\/\/www.craftetcompagnie.com\/en\/produit\/hure-freres-2\/#primaryimage\"},\"image\":{\"@id\":\"https:\/\/www.craftetcompagnie.com\/en\/produit\/hure-freres-2\/#primaryimage\"},\"thumbnailUrl\":\"https:\/\/www.craftetcompagnie.com\/wp-content\/uploads\/2019\/03\/caisse-producteur-hd-hure-freres.png\",\"datePublished\":\"2019-03-12T15:20:40+00:00\",\"dateModified\":\"2019-03-18T12:46:00+00:00\",\"breadcrumb\":{\"@id\":\"https:\/\/www.craftetcompagnie.com\/en\/produit\/hure-freres-2\/#breadcrumb\"},\"inLanguage\":\"en-US\",\"potentialAction\":[{\"@type\":\"ReadAction\",\"target\":[\"https:\/\/www.craftetcompagnie.com\/en\/produit\/hure-freres-2\/\"]}]},{\"@type\":\"ImageObject\",\"inLanguage\":\"en-US\",\"@id\":\"https:\/\/www.craftetcompagnie.com\/en\/produit\/hure-freres-2\/#primaryimage\",\"url\":\"https:\/\/www.craftetcompagnie.com\/wp-content\/uploads\/2019\/03\/caisse-producteur-hd-hure-freres.png\",\"contentUrl\":\"https:\/\/www.craftetcompagnie.com\/wp-content\/uploads\/2019\/03\/caisse-producteur-hd-hure-freres.png\",\"width\":600,\"height\":602},{\"@type\":\"BreadcrumbList\",\"@id\":\"https:\/\/www.craftetcompagnie.com\/en\/produit\/hure-freres-2\/#breadcrumb\",\"itemListElement\":[{\"@type\":\"ListItem\",\"position\":1,\"name\":\"Accueil\",\"item\":\"https:\/\/www.craftetcompagnie.com\/en\/\"},{\"@type\":\"ListItem\",\"position\":2,\"name\":\"Hur\u00e9 Fr\u00e8res\"}]},{\"@type\":\"WebSite\",\"@id\":\"https:\/\/www.craftetcompagnie.com\/en\/#website\",\"url\":\"https:\/\/www.craftetcompagnie.com\/en\/\",\"name\":\"Craft et Compagnie\",\"description\":\"Champagnes d&#039;artisans, vignerons d&#039;exception | Luxembourg\",\"publisher\":{\"@id\":\"https:\/\/www.craftetcompagnie.com\/en\/#organization\"},\"potentialAction\":[{\"@type\":\"SearchAction\",\"target\":{\"@type\":\"EntryPoint\",\"urlTemplate\":\"https:\/\/www.craftetcompagnie.com\/en\/?s={search_term_string}\"},\"query-input\":{\"@type\":\"PropertyValueSpecification\",\"valueRequired\":true,\"valueName\":\"search_term_string\"}}],\"inLanguage\":\"en-US\"},{\"@type\":\"Organization\",\"@id\":\"https:\/\/www.craftetcompagnie.com\/en\/#organization\",\"name\":\"Craft et Compagnie\",\"url\":\"https:\/\/www.craftetcompagnie.com\/en\/\",\"logo\":{\"@type\":\"ImageObject\",\"inLanguage\":\"en-US\",\"@id\":\"https:\/\/www.craftetcompagnie.com\/en\/#\/schema\/logo\/image\/\",\"url\":\"https:\/\/www.craftetcompagnie.com\/wp-content\/uploads\/2018\/03\/meta_image_craftetcompagnie.jpg\",\"contentUrl\":\"https:\/\/www.craftetcompagnie.com\/wp-content\/uploads\/2018\/03\/meta_image_craftetcompagnie.jpg\",\"width\":1200,\"height\":800,\"caption\":\"Craft et Compagnie\"},\"image\":{\"@id\":\"https:\/\/www.craftetcompagnie.com\/en\/#\/schema\/logo\/image\/\"},\"sameAs\":[\"https:\/\/www.facebook.com\/Craft-et-Compagnie-2086479911563616\/\",\"https:\/\/www.instagram.com\/craftetcompagnie\/\"]}]}<\/script>\n<!-- \/ Yoast SEO plugin. -->","yoast_head_json":{"title":"Hur\u00e9 Fr\u00e8res - Craft et Compagnie | Champagne Luxembourg","robots":{"index":"index","follow":"follow","max-snippet":"max-snippet:-1","max-image-preview":"max-image-preview:large","max-video-preview":"max-video-preview:-1"},"canonical":"https:\/\/www.craftetcompagnie.com\/en\/produit\/hure-freres-2\/","og_locale":"en_US","og_type":"article","og_title":"Hur\u00e9 Fr\u00e8res - Craft et Compagnie | Champagne Luxembourg","og_description":"Fran\u00e7ois and Pierre run this family estate located in the Northern Slopes of the Reims Mountain in Ludes. The project has been founded by their father and uncles in the 70\u2019s and now the two brothers oversee what has become a major player domaine in only two generations.  This humble and hardworking duo embodies a new generation of \u201cVignerons\u201d who have been able to study, reinforce their technical and human skills while opening themselves towards other wine regions domestically and abroad. Fran\u00e7ois and Pierre Hur\u00e9 are very conscious about transmission and moral duty (Champenois and Burgundian heritage) but they are also inhabited by present time and the will of writing a new chapter pushing the quality boundaries of Champagne.  Their goal is to make precise champagnes with character representing their terroirs of origin. The respect of Natural Life and balance is a perquisite, determining the notion of TASTE. Hur\u00e9 Champagnes are well balanced, showing intense aromas, combined with rich textures, density, energy, deepness and freshness. The end of mouth lingers thanks to a salinity touch calling for food. Their ambition is to show that the Champagne region can produce great wines. The Hur\u00e9 family definitely rises to the challenge.","og_url":"https:\/\/www.craftetcompagnie.com\/en\/produit\/hure-freres-2\/","og_site_name":"Craft et Compagnie | Champagne Luxembourg","article_publisher":"https:\/\/www.facebook.com\/Craft-et-Compagnie-2086479911563616\/","article_modified_time":"2019-03-18T12:46:00+00:00","og_image":[{"width":600,"height":602,"url":"https:\/\/www.craftetcompagnie.com\/wp-content\/uploads\/2019\/03\/caisse-producteur-hd-hure-freres.png","type":"image\/png"}],"twitter_card":"summary_large_image","schema":{"@context":"https:\/\/schema.org","@graph":[{"@type":"WebPage","@id":"https:\/\/www.craftetcompagnie.com\/en\/produit\/hure-freres-2\/","url":"https:\/\/www.craftetcompagnie.com\/en\/produit\/hure-freres-2\/","name":"Hur\u00e9 Fr\u00e8res - Craft et Compagnie | Champagne Luxembourg","isPartOf":{"@id":"https:\/\/www.craftetcompagnie.com\/en\/#website"},"primaryImageOfPage":{"@id":"https:\/\/www.craftetcompagnie.com\/en\/produit\/hure-freres-2\/#primaryimage"},"image":{"@id":"https:\/\/www.craftetcompagnie.com\/en\/produit\/hure-freres-2\/#primaryimage"},"thumbnailUrl":"https:\/\/www.craftetcompagnie.com\/wp-content\/uploads\/2019\/03\/caisse-producteur-hd-hure-freres.png","datePublished":"2019-03-12T15:20:40+00:00","dateModified":"2019-03-18T12:46:00+00:00","breadcrumb":{"@id":"https:\/\/www.craftetcompagnie.com\/en\/produit\/hure-freres-2\/#breadcrumb"},"inLanguage":"en-US","potentialAction":[{"@type":"ReadAction","target":["https:\/\/www.craftetcompagnie.com\/en\/produit\/hure-freres-2\/"]}]},{"@type":"ImageObject","inLanguage":"en-US","@id":"https:\/\/www.craftetcompagnie.com\/en\/produit\/hure-freres-2\/#primaryimage","url":"https:\/\/www.craftetcompagnie.com\/wp-content\/uploads\/2019\/03\/caisse-producteur-hd-hure-freres.png","contentUrl":"https:\/\/www.craftetcompagnie.com\/wp-content\/uploads\/2019\/03\/caisse-producteur-hd-hure-freres.png","width":600,"height":602},{"@type":"BreadcrumbList","@id":"https:\/\/www.craftetcompagnie.com\/en\/produit\/hure-freres-2\/#breadcrumb","itemListElement":[{"@type":"ListItem","position":1,"name":"Accueil","item":"https:\/\/www.craftetcompagnie.com\/en\/"},{"@type":"ListItem","position":2,"name":"Hur\u00e9 Fr\u00e8res"}]},{"@type":"WebSite","@id":"https:\/\/www.craftetcompagnie.com\/en\/#website","url":"https:\/\/www.craftetcompagnie.com\/en\/","name":"Craft et Compagnie","description":"Champagnes d&#039;artisans, vignerons d&#039;exception | Luxembourg","publisher":{"@id":"https:\/\/www.craftetcompagnie.com\/en\/#organization"},"potentialAction":[{"@type":"SearchAction","target":{"@type":"EntryPoint","urlTemplate":"https:\/\/www.craftetcompagnie.com\/en\/?s={search_term_string}"},"query-input":{"@type":"PropertyValueSpecification","valueRequired":true,"valueName":"search_term_string"}}],"inLanguage":"en-US"},{"@type":"Organization","@id":"https:\/\/www.craftetcompagnie.com\/en\/#organization","name":"Craft et Compagnie","url":"https:\/\/www.craftetcompagnie.com\/en\/","logo":{"@type":"ImageObject","inLanguage":"en-US","@id":"https:\/\/www.craftetcompagnie.com\/en\/#\/schema\/logo\/image\/","url":"https:\/\/www.craftetcompagnie.com\/wp-content\/uploads\/2018\/03\/meta_image_craftetcompagnie.jpg","contentUrl":"https:\/\/www.craftetcompagnie.com\/wp-content\/uploads\/2018\/03\/meta_image_craftetcompagnie.jpg","width":1200,"height":800,"caption":"Craft et Compagnie"},"image":{"@id":"https:\/\/www.craftetcompagnie.com\/en\/#\/schema\/logo\/image\/"},"sameAs":["https:\/\/www.facebook.com\/Craft-et-Compagnie-2086479911563616\/","https:\/\/www.instagram.com\/craftetcompagnie\/"]}]}},"_links":{"self":[{"href":"https:\/\/www.craftetcompagnie.com\/en\/wp-json\/wp\/v2\/product\/1224","targetHints":{"allow":["GET"]}}],"collection":[{"href":"https:\/\/www.craftetcompagnie.com\/en\/wp-json\/wp\/v2\/product"}],"about":[{"href":"https:\/\/www.craftetcompagnie.com\/en\/wp-json\/wp\/v2\/types\/product"}],"wp:featuredmedia":[{"embeddable":true,"href":"https:\/\/www.craftetcompagnie.com\/en\/wp-json\/wp\/v2\/media\/3745"}],"wp:attachment":[{"href":"https:\/\/www.craftetcompagnie.com\/en\/wp-json\/wp\/v2\/media?parent=1224"}],"wp:term":[{"taxonomy":"product_brand","embeddable":true,"href":"https:\/\/www.craftetcompagnie.com\/en\/wp-json\/wp\/v2\/product_brand?post=1224"},{"taxonomy":"product_cat","embeddable":true,"href":"https:\/\/www.craftetcompagnie.com\/en\/wp-json\/wp\/v2\/product_cat?post=1224"},{"taxonomy":"product_tag","embeddable":true,"href":"https:\/\/www.craftetcompagnie.com\/en\/wp-json\/wp\/v2\/product_tag?post=1224"}],"curies":[{"name":"wp","href":"https:\/\/api.w.org\/{rel}","templated":true}]}}